{"id":383,"date":"2021-07-30T00:25:44","date_gmt":"2021-07-29T22:25:44","guid":{"rendered":"https:\/\/lovzlode.cz\/?page_id=383"},"modified":"2021-07-30T00:41:22","modified_gmt":"2021-07-29T22:41:22","slug":"lod-vasen","status":"publish","type":"page","link":"https:\/\/lovzlode.cz\/en\/lod-vasen\/","title":{"rendered":"Lo\u010f V\u00e1\u0161e\u0148"},"content":{"rendered":"","protected":false},"excerpt":{"rendered":"","protected":false},"author":1,"featured_media":0,"parent":0,"menu_order":0,"comment_status":"closed","ping_status":"closed","template":"","meta":{"footnotes":""},"_links":{"self":[{"href":"https:\/\/lovzlode.cz\/en\/wp-json\/wp\/v2\/pages\/383"}],"collection":[{"href":"https:\/\/lovzlode.cz\/en\/wp-json\/wp\/v2\/pages"}],"about":[{"href":"https:\/\/lovzlode.cz\/en\/wp-json\/wp\/v2\/types\/page"}],"author":[{"embeddable":true,"href":"https:\/\/lovzlode.cz\/en\/wp-json\/wp\/v2\/users\/1"}],"replies":[{"embeddable":true,"href":"https:\/\/lovzlode.cz\/en\/wp-json\/wp\/v2\/comments?post=383"}],"version-history":[{"count":1,"href":"https:\/\/lovzlode.cz\/en\/wp-json\/wp\/v2\/pages\/383\/revisions"}],"predecessor-version":[{"id":384,"href":"https:\/\/lovzlode.cz\/en\/wp-json\/wp\/v2\/pages\/383\/revisions\/384"}],"wp:attachment":[{"href":"https:\/\/lovzlode.cz\/en\/wp-json\/wp\/v2\/media?parent=383"}],"curies":[{"name":"wp","href":"https:\/\/api.w.org\/{rel}","templated":true}]}}